{"id":1092,"date":"2016-10-16T19:24:26","date_gmt":"2016-10-16T23:24:26","guid":{"rendered":"https:\/\/www.muchmarketing.ca\/fr\/sponsors\/"},"modified":"2019-01-28T20:09:57","modified_gmt":"2019-01-29T01:09:57","slug":"sponsors","status":"publish","type":"page","link":"https:\/\/www.muchmarketing.ca\/fr\/sponsors\/","title":{"rendered":"Sponsors"},"content":{"rendered":"<p>[vc_row][vc_column][vc_separator color=&nbsp;&raquo;custom&nbsp;&raquo; border_width=&nbsp;&raquo;6&Prime; accent_color=&nbsp;&raquo;#c4cdf4&Prime;][vc_column_text]<\/p>\n<p style=\"text-align: center;\"><strong><span style=\"color: #000000;\">Much Marketing est un des plus grands rassemblements d\u2019\u00e9tudiants universitaire en administration au Qu\u00e9bec. Devenir commanditaire signifie prendre position comme grand promoteur du savoir et de l\u2019ing\u00e9niosit\u00e9 de la jeunesse montr\u00e9alaise. Nous souhaitons entrer en partenariat avec des entreprises partageant nos valeurs telles que la cr\u00e9ativit\u00e9, le leadership et l\u2019engagement.<\/span><\/strong><\/p>\n<p>[\/vc_column_text][vc_separator color=&nbsp;&raquo;custom&nbsp;&raquo; border_width=&nbsp;&raquo;6&Prime; accent_color=&nbsp;&raquo;#c4cdf4&Prime;][\/vc_column][vc_column][vc_column_text]<\/p>\n<h2><span style=\"color: #000000;\"><strong>Commanditaire principal<\/strong><\/span><\/h2>\n<p>[\/vc_column_text][vc_single_image image=&nbsp;&raquo;1850&Prime; img_size=&nbsp;&raquo;full&nbsp;&raquo; alignment=&nbsp;&raquo;center&nbsp;&raquo; onclick=&nbsp;&raquo;custom_link&nbsp;&raquo; img_link_target=&nbsp;&raquo;_blank&nbsp;&raquo; link=&nbsp;&raquo;http:\/\/www.ibm.com\/cognitive\/ca-en\/outthink\/?S_PKG=&amp;mkwid=dbdfc453-96b3-489e-a78b-f5938d82fe45|580|2113&amp;cm_mmc=Search_Google-_-ibm_Phrase_&amp;cm_mmca1=&amp;cm_mmca2=&nbsp;&raquo;][vc_separator color=&nbsp;&raquo;custom&nbsp;&raquo; border_width=&nbsp;&raquo;6&Prime; accent_color=&nbsp;&raquo;#c4cdf4&Prime;][vc_column_text]<\/p>\n<h2><span style=\"color: #000000;\"><strong>Commanditaires<\/strong><\/span><\/h2>\n<p>[\/vc_column_text][vc_single_image image=&nbsp;&raquo;1941&Prime; img_size=&nbsp;&raquo;full&nbsp;&raquo; alignment=&nbsp;&raquo;center&nbsp;&raquo;][vc_single_image image=&nbsp;&raquo;1946&Prime; img_size=&nbsp;&raquo;full&nbsp;&raquo; alignment=&nbsp;&raquo;center&nbsp;&raquo;][vc_single_image image=&nbsp;&raquo;1960&Prime; img_size=&nbsp;&raquo;full&nbsp;&raquo; alignment=&nbsp;&raquo;center&nbsp;&raquo;][vc_separator color=&nbsp;&raquo;custom&nbsp;&raquo; border_width=&nbsp;&raquo;6&Prime; accent_color=&nbsp;&raquo;#c4cdf4&Prime;][vc_column_text]<\/p>\n<h2><span style=\"color: #000000;\"><strong>Partenaires officiels<\/strong><\/span><\/h2>\n<p>[\/vc_column_text][vc_row_inner][vc_column_inner width=&nbsp;&raquo;1\/2&Prime;][vc_single_image image=&nbsp;&raquo;1821&Prime; img_size=&nbsp;&raquo;full&nbsp;&raquo; alignment=&nbsp;&raquo;center&nbsp;&raquo; onclick=&nbsp;&raquo;custom_link&nbsp;&raquo; img_link_target=&nbsp;&raquo;_blank&nbsp;&raquo; link=&nbsp;&raquo;http:\/\/www.videotron.com\/residential\/student-offer#&nbsp;&raquo;][\/vc_column_inner][vc_column_inner width=&nbsp;&raquo;1\/2&Prime;][vc_single_image image=&nbsp;&raquo;1825&Prime; img_size=&nbsp;&raquo;full&nbsp;&raquo; alignment=&nbsp;&raquo;center&nbsp;&raquo; onclick=&nbsp;&raquo;custom_link&nbsp;&raquo; img_link_target=&nbsp;&raquo;_blank&nbsp;&raquo; link=&nbsp;&raquo;http:\/\/www.ccmm.ca\/en\/&nbsp;&raquo;][\/vc_column_inner][\/vc_row_inner][vc_row_inner][vc_column_inner width=&nbsp;&raquo;1\/2&Prime;][vc_single_image image=&nbsp;&raquo;1827&Prime; img_size=&nbsp;&raquo;full&nbsp;&raquo; alignment=&nbsp;&raquo;center&nbsp;&raquo; onclick=&nbsp;&raquo;custom_link&nbsp;&raquo; img_link_target=&nbsp;&raquo;_blank&nbsp;&raquo; link=&nbsp;&raquo;http:\/\/www.videotron.com\/residential\/student-offer#&nbsp;&raquo;][\/vc_column_inner][vc_column_inner width=&nbsp;&raquo;1\/2&Prime;][vc_single_image image=&nbsp;&raquo;1907&Prime; img_size=&nbsp;&raquo;full&nbsp;&raquo; alignment=&nbsp;&raquo;center&nbsp;&raquo; onclick=&nbsp;&raquo;custom_link&nbsp;&raquo; img_link_target=&nbsp;&raquo;_blank&nbsp;&raquo; link=&nbsp;&raquo;http:\/\/www.videotron.com\/residential\/student-offer#&nbsp;&raquo;][\/vc_column_inner][\/vc_row_inner][vc_row_inner][vc_column_inner width=&nbsp;&raquo;1\/2&Prime;][vc_single_image image=&nbsp;&raquo;1831&Prime; img_size=&nbsp;&raquo;full&nbsp;&raquo; alignment=&nbsp;&raquo;center&nbsp;&raquo; onclick=&nbsp;&raquo;custom_link&nbsp;&raquo; img_link_target=&nbsp;&raquo;_blank&nbsp;&raquo; link=&nbsp;&raquo;http:\/\/www.videotron.com\/residential\/student-offer#&nbsp;&raquo;][\/vc_column_inner][vc_column_inner width=&nbsp;&raquo;1\/2&Prime;][vc_single_image image=&nbsp;&raquo;1833&Prime; img_size=&nbsp;&raquo;full&nbsp;&raquo; alignment=&nbsp;&raquo;center&nbsp;&raquo; onclick=&nbsp;&raquo;custom_link&nbsp;&raquo; img_link_target=&nbsp;&raquo;_blank&nbsp;&raquo; link=&nbsp;&raquo;http:\/\/www.ccmm.ca\/en\/&nbsp;&raquo;][\/vc_column_inner][\/vc_row_inner][vc_row_inner][vc_column_inner width=&nbsp;&raquo;1\/2&Prime;][vc_single_image image=&nbsp;&raquo;1839&Prime; img_size=&nbsp;&raquo;full&nbsp;&raquo; alignment=&nbsp;&raquo;center&nbsp;&raquo; onclick=&nbsp;&raquo;custom_link&nbsp;&raquo; img_link_target=&nbsp;&raquo;_blank&nbsp;&raquo; link=&nbsp;&raquo;http:\/\/www.videotron.com\/residential\/student-offer#&nbsp;&raquo;][\/vc_column_inner][vc_column_inner width=&nbsp;&raquo;1\/2&Prime;][vc_single_image image=&nbsp;&raquo;1867&Prime; img_size=&nbsp;&raquo;full&nbsp;&raquo;][\/vc_column_inner][\/vc_row_inner][vc_row_inner][vc_column_inner width=&nbsp;&raquo;1\/2&Prime;][vc_single_image image=&nbsp;&raquo;1965&Prime; img_size=&nbsp;&raquo;full&nbsp;&raquo;][\/vc_column_inner][vc_column_inner width=&nbsp;&raquo;1\/2&Prime;][\/vc_column_inner][\/vc_row_inner][vc_separator color=&nbsp;&raquo;custom&nbsp;&raquo; border_width=&nbsp;&raquo;6&Prime; accent_color=&nbsp;&raquo;#c4cdf4&Prime;][\/vc_column][\/vc_row]<\/p>\n","protected":false},"excerpt":{"rendered":"<p>[vc_row][vc_column][vc_separator color=&nbsp;&raquo;custom&nbsp;&raquo; border_width=&nbsp;&raquo;6&Prime; accent_color=&nbsp;&raquo;#c4cdf4&Prime;][vc_column_text] Much Marketing est un des plus grands rassemblements d\u2019\u00e9tudiants universitaire en administration au Qu\u00e9bec. Devenir commanditaire signifie prendre position comme grand promoteur du savoir et de l\u2019ing\u00e9niosit\u00e9 de la jeunesse montr\u00e9alaise. Nous souhaitons entrer en partenariat avec des entreprises partageant nos valeurs telles que la cr\u00e9ativit\u00e9, le leadership et l\u2019engagement. [\/vc_column_text][vc_separator&#8230;<\/p>\n","protected":false},"author":1,"featured_media":0,"parent":0,"menu_order":0,"comment_status":"closed","ping_status":"closed","template":"","meta":{"footnotes":""},"class_list":["post-1092","page","type-page","status-publish","hentry"],"_links":{"self":[{"href":"https:\/\/www.muchmarketing.ca\/fr\/wp-json\/wp\/v2\/pages\/1092","targetHints":{"allow":["GET"]}}],"collection":[{"href":"https:\/\/www.muchmarketing.ca\/fr\/wp-json\/wp\/v2\/pages"}],"about":[{"href":"https:\/\/www.muchmarketing.ca\/fr\/wp-json\/wp\/v2\/types\/page"}],"author":[{"embeddable":true,"href":"https:\/\/www.muchmarketing.ca\/fr\/wp-json\/wp\/v2\/users\/1"}],"replies":[{"embeddable":true,"href":"https:\/\/www.muchmarketing.ca\/fr\/wp-json\/wp\/v2\/comments?post=1092"}],"version-history":[{"count":30,"href":"https:\/\/www.muchmarketing.ca\/fr\/wp-json\/wp\/v2\/pages\/1092\/revisions"}],"predecessor-version":[{"id":1968,"href":"https:\/\/www.muchmarketing.ca\/fr\/wp-json\/wp\/v2\/pages\/1092\/revisions\/1968"}],"wp:attachment":[{"href":"https:\/\/www.muchmarketing.ca\/fr\/wp-json\/wp\/v2\/media?parent=1092"}],"curies":[{"name":"wp","href":"https:\/\/api.w.org\/{rel}","templated":true}]}}