{"id":1758,"date":"2018-12-15T19:54:47","date_gmt":"2018-12-16T00:54:47","guid":{"rendered":"https:\/\/www.muchmarketing.ca\/product\/much-2019-acces-complet-general\/"},"modified":"2018-12-15T20:32:38","modified_gmt":"2018-12-16T01:32:38","slug":"general","status":"publish","type":"product","link":"https:\/\/www.muchmarketing.ca\/fr\/produit\/general\/","title":{"rendered":"Much 2019 &#8211; Acc\u00e8s complet &#8211; G\u00e9n\u00e9ral"},"content":{"rendered":"<ul>\n<li>Acc\u00e8s \u00e0 toutes les conf\u00e9rences (Jan. 21-22-23)<\/li>\n<li>Acc\u00e8s \u00e0 l&rsquo;\u00e9v\u00e9nement de r\u00e9sautage<\/li>\n<li>Une consommation par \u00e9v\u00e9nement<\/li>\n<li>Vestiaire gratuit \u00e0 chaque \u00e9v\u00e9nement<\/li>\n<\/ul>\n","protected":false},"excerpt":{"rendered":"<p>Acc\u00e8s \u00e0 toutes les conf\u00e9rences (Jan. 21-22-23) Acc\u00e8s \u00e0 l&rsquo;\u00e9v\u00e9nement de r\u00e9sautage Une consommation par \u00e9v\u00e9nement Vestiaire gratuit \u00e0 chaque \u00e9v\u00e9nement<\/p>\n","protected":false},"featured_media":1142,"template":"","meta":[],"class_list":{"0":"post-1758","1":"product","2":"type-product","3":"status-publish","4":"has-post-thumbnail","6":"product_cat-events","8":"first","9":"instock","10":"virtual","11":"purchasable","12":"product-type-simple"},"_links":{"self":[{"href":"https:\/\/www.muchmarketing.ca\/fr\/wp-json\/wp\/v2\/product\/1758","targetHints":{"allow":["GET"]}}],"collection":[{"href":"https:\/\/www.muchmarketing.ca\/fr\/wp-json\/wp\/v2\/product"}],"about":[{"href":"https:\/\/www.muchmarketing.ca\/fr\/wp-json\/wp\/v2\/types\/product"}],"wp:featuredmedia":[{"embeddable":true,"href":"https:\/\/www.muchmarketing.ca\/fr\/wp-json\/wp\/v2\/media\/1142"}],"wp:attachment":[{"href":"https:\/\/www.muchmarketing.ca\/fr\/wp-json\/wp\/v2\/media?parent=1758"}],"curies":[{"name":"wp","href":"https:\/\/api.w.org\/{rel}","templated":true}]}}